{"id":55,"date":"2026-02-08T11:33:03","date_gmt":"2026-02-08T11:33:03","guid":{"rendered":"https:\/\/profesorbalonologii.pl\/?page_id=55"},"modified":"2026-03-02T12:57:27","modified_gmt":"2026-03-02T12:57:27","slug":"balonowa-maskotka","status":"publish","type":"page","link":"https:\/\/profesorbalonologii.pl\/?page_id=55","title":{"rendered":"Balonowa Maskotka"},"content":{"rendered":"\t\t<div data-elementor-type=\"wp-page\" data-elementor-id=\"55\" class=\"elementor elementor-55\" data-elementor-post-type=\"page\">\n\t\t\t\t<div class=\"elementor-element elementor-element-6c74dd93 e-flex e-con-boxed e-con e-parent\" data-id=\"6c74dd93\" data-element_type=\"container\" data-e-type=\"container\">\n\t\t\t\t\t<div class=\"e-con-inner\">\n\t\t<div class=\"elementor-element elementor-element-425a1b57 e-con-full e-flex e-con e-child\" data-id=\"425a1b57\" data-element_type=\"container\" data-e-type=\"container\">\n\t\t\t\t<div class=\"elementor-element elementor-element-5004d083 elementor-widget elementor-widget-image\" data-id=\"5004d083\" data-element_type=\"widget\" data-e-type=\"widget\" data-widget_type=\"image.default\">\n\t\t\t\t\t\t\t\t\t\t\t\t\t\t\t<img fetchpriority=\"high\" decoding=\"async\" width=\"768\" height=\"1024\" src=\"https:\/\/profesorbalonologii.pl\/wp-content\/uploads\/2026\/02\/IMG_7486-768x1024.jpeg\" class=\"attachment-large size-large wp-image-56\" alt=\"\u017cywa maskotka chodz\u0105ca balonowa smok dinozaur branding promocja marki maskotka\" srcset=\"https:\/\/profesorbalonologii.pl\/wp-content\/uploads\/2026\/02\/IMG_7486-768x1024.jpeg 768w, https:\/\/profesorbalonologii.pl\/wp-content\/uploads\/2026\/02\/IMG_7486-225x300.jpeg 225w, https:\/\/profesorbalonologii.pl\/wp-content\/uploads\/2026\/02\/IMG_7486-1152x1536.jpeg 1152w, https:\/\/profesorbalonologii.pl\/wp-content\/uploads\/2026\/02\/IMG_7486-1536x2048.jpeg 1536w, https:\/\/profesorbalonologii.pl\/wp-content\/uploads\/2026\/02\/IMG_7486-scaled.jpeg 1920w\" sizes=\"(max-width: 768px) 100vw, 768px\" \/>\t\t\t\t\t\t\t\t\t\t\t\t\t\t\t<\/div>\n\t\t\t\t<\/div>\n\t\t<div class=\"elementor-element elementor-element-6c71307a e-con-full e-flex e-con e-child\" data-id=\"6c71307a\" data-element_type=\"container\" data-e-type=\"container\">\n\t\t\t\t<div class=\"elementor-element elementor-element-8a8d959 elementor-widget elementor-widget-heading\" data-id=\"8a8d959\" data-element_type=\"widget\" data-e-type=\"widget\" data-widget_type=\"heading.default\">\n\t\t\t\t\t<h2 class=\"elementor-heading-title elementor-size-default\">Balonowa maskotka - \u017cywa chodz\u0105ca atrakcja<\/h2>\t\t\t\t<\/div>\n\t\t\t\t<div class=\"elementor-element elementor-element-356b4a1d elementor-widget elementor-widget-text-editor\" data-id=\"356b4a1d\" data-element_type=\"widget\" data-e-type=\"widget\" data-widget_type=\"text-editor.default\">\n\t\t\t\t\t\t\t\t\t<h2 data-start=\"213\" data-end=\"274\">Balonowa maskotka \u2013 \u017cywa posta\u0107 stworzona w 100% z balon\u00f3w<\/h2>\n<p data-start=\"276\" data-end=\"519\">Szukasz czego\u015b, czego nie ma nikt inny?<br data-start=\"315\" data-end=\"318\" \/>Balonowa maskotka to wyj\u0105tkowa, \u017cywa posta\u0107 wykonana od A do Z z balon\u00f3w modelinowych. To nie jest zwyk\u0142y kostium \u2013 to r\u0119cznie tworzona, chodz\u0105ca instalacja artystyczna, w kt\u00f3rej znajduje si\u0119 animator.<\/p>\n<p data-start=\"521\" data-end=\"648\">Maskotka porusza si\u0119, ta\u0144czy, wita go\u015bci, przybija pi\u0105tki i robi zdj\u0119cia z dzie\u0107mi. Efekt? Totalne WOW ju\u017c od pierwszej minuty.<\/p>\n<p><span style=\"font-family: monsterrat;\"><!-- \/wp:paragraph --><!-- wp:paragraph --><\/span><\/p>\t\t\t\t\t\t\t\t<\/div>\n\t\t\t\t<\/div>\n\t\t\t\t\t<\/div>\n\t\t\t\t<\/div>\n\t\t<div class=\"elementor-element elementor-element-4843652 e-flex e-con-boxed e-con e-parent\" data-id=\"4843652\" data-element_type=\"container\" data-e-type=\"container\">\n\t\t\t\t\t<div class=\"e-con-inner\">\n\t\t\t\t<div class=\"elementor-element elementor-element-d02025a elementor-widget-divider--view-line elementor-widget elementor-widget-divider\" data-id=\"d02025a\" data-element_type=\"widget\" data-e-type=\"widget\" data-widget_type=\"divider.default\">\n\t\t\t\t\t\t\t<div class=\"elementor-divider\">\n\t\t\t<span class=\"elementor-divider-separator\">\n\t\t\t\t\t\t<\/span>\n\t\t<\/div>\n\t\t\t\t\t\t<\/div>\n\t\t\t\t\t<\/div>\n\t\t\t\t<\/div>\n\t\t<div class=\"elementor-element elementor-element-28fb2b4e e-grid e-con-boxed e-con e-parent\" data-id=\"28fb2b4e\" data-element_type=\"container\" data-e-type=\"container\">\n\t\t\t\t\t<div class=\"e-con-inner\">\n\t\t\t\t<div class=\"elementor-element elementor-element-b0c5309 elementor-widget elementor-widget-text-editor\" data-id=\"b0c5309\" data-element_type=\"widget\" data-e-type=\"widget\" data-widget_type=\"text-editor.default\">\n\t\t\t\t\t\t\t\t\t<h2 data-start=\"655\" data-end=\"689\">Jak powstaje balonowa maskotka?<\/h2>\n<p data-start=\"691\" data-end=\"802\">Ka\u017cda maskotka tworzona jest r\u0119cznie z setek balon\u00f3w modelinowych.<br data-start=\"757\" data-end=\"760\" \/>Projekt dopasowujemy do motywu wydarzenia:<\/p>\n<ul data-start=\"804\" data-end=\"932\">\n<li data-start=\"804\" data-end=\"824\">\n<p data-start=\"806\" data-end=\"824\">postacie bajkowe<\/p>\n<\/li>\n<li data-start=\"825\" data-end=\"838\">\n<p data-start=\"827\" data-end=\"838\">zwierz\u0119ta<\/p>\n<\/li>\n<li data-start=\"839\" data-end=\"859\">\n<p data-start=\"841\" data-end=\"859\">superbohaterowie<\/p>\n<\/li>\n<li data-start=\"860\" data-end=\"892\">\n<p data-start=\"862\" data-end=\"892\">tematyczne maskotki eventowe<\/p>\n<\/li>\n<li data-start=\"893\" data-end=\"932\">\n<p data-start=\"895\" data-end=\"932\">indywidualne projekty na zam\u00f3wienie<\/p>\n<\/li>\n<\/ul>\n<p data-start=\"934\" data-end=\"1082\">Konstrukcja jest lekka, ale stabilna, dzi\u0119ki czemu osoba w \u015brodku mo\u017ce swobodnie chodzi\u0107, ta\u0144czy\u0107 i wchodzi\u0107 w interakcje z uczestnikami wydarzenia.<\/p>\n<p data-start=\"1084\" data-end=\"1141\">To po\u0142\u0105czenie sztuki balonowej, animacji i performance\u2019u.<\/p>\t\t\t\t\t\t\t\t<\/div>\n\t\t\t\t<div class=\"elementor-element elementor-element-44b4a2d8 elementor-widget elementor-widget-image\" data-id=\"44b4a2d8\" data-element_type=\"widget\" data-e-type=\"widget\" data-widget_type=\"image.default\">\n\t\t\t\t\t\t\t\t\t\t\t\t\t\t\t<img decoding=\"async\" width=\"1\" height=\"1\" src=\"https:\/\/profesorbalonologii.pl\/wp-content\/uploads\/2026\/03\/IMG_9274-1.heic\" class=\"attachment-medium_large size-medium_large wp-image-273\" alt=\"\" \/>\t\t\t\t\t\t\t\t\t\t\t\t\t\t\t<\/div>\n\t\t\t\t\t<\/div>\n\t\t\t\t<\/div>\n\t\t<div class=\"elementor-element elementor-element-7e812cc e-flex e-con-boxed e-con e-parent\" data-id=\"7e812cc\" data-element_type=\"container\" data-e-type=\"container\">\n\t\t\t\t\t<div class=\"e-con-inner\">\n\t\t\t\t<div class=\"elementor-element elementor-element-5298db1 elementor-widget-divider--view-line elementor-widget elementor-widget-divider\" data-id=\"5298db1\" data-element_type=\"widget\" data-e-type=\"widget\" data-widget_type=\"divider.default\">\n\t\t\t\t\t\t\t<div class=\"elementor-divider\">\n\t\t\t<span class=\"elementor-divider-separator\">\n\t\t\t\t\t\t<\/span>\n\t\t<\/div>\n\t\t\t\t\t\t<\/div>\n\t\t\t\t\t<\/div>\n\t\t\t\t<\/div>\n\t\t<div class=\"elementor-element elementor-element-58ce598e e-flex e-con-boxed e-con e-parent\" data-id=\"58ce598e\" data-element_type=\"container\" data-e-type=\"container\">\n\t\t\t\t\t<div class=\"e-con-inner\">\n\t\t\t\t<div class=\"elementor-element elementor-element-788f3062 elementor-widget elementor-widget-text-editor\" data-id=\"788f3062\" data-element_type=\"widget\" data-e-type=\"widget\" data-widget_type=\"text-editor.default\">\n\t\t\t\t\t\t\t\t\t<p><span style=\"font-family: monsterrat;\"><!-- \/wp:paragraph --><!-- wp:paragraph --><\/span><\/p>\n<p><span style=\"font-family: monsterrat;\"><!-- \/wp:paragraph --><!-- wp:paragraph --><\/span><\/p>\n<h2 data-start=\"1623\" data-end=\"1673\">Dlaczego balonowa maskotka robi takie wra\u017cenie?<\/h2>\n<p data-start=\"1675\" data-end=\"1696\">Bo jest nieoczywista.<\/p>\n<p data-start=\"1698\" data-end=\"1842\">Dzieci widz\u0105 ogromn\u0105, kolorow\u0105 posta\u0107 z balon\u00f3w, kt\u00f3ra \u017cyje, rusza si\u0119 i reaguje.<br data-start=\"1779\" data-end=\"1782\" \/>Doro\u015bli zatrzymuj\u0105 si\u0119, robi\u0105 zdj\u0119cia i nagrywaj\u0105 relacje oznaczaj\u0105c Twoje miejsce w sieci &#8211; czyli kontent robi si\u0119 sam \ud83d\ude42<\/p>\n<p data-start=\"1844\" data-end=\"1884\">To idealna atrakcja, je\u015bli zale\u017cy Ci na:<\/p>\n<ul data-start=\"1885\" data-end=\"1986\">\n<li data-start=\"1885\" data-end=\"1900\">\n<p data-start=\"1887\" data-end=\"1900\">efekcie wow<\/p>\n<\/li>\n<li data-start=\"1901\" data-end=\"1930\">\n<p data-start=\"1903\" data-end=\"1930\">zdj\u0119ciach do social media<\/p>\n<\/li>\n<li data-start=\"1931\" data-end=\"1957\">\n<p data-start=\"1933\" data-end=\"1957\">wyr\u00f3\u017cnieniu wydarzenia<\/p>\n<\/li>\n<li data-start=\"1958\" data-end=\"1986\">\n<p data-start=\"1960\" data-end=\"1986\">zapami\u0119tywalno\u015bci eventu<\/p>\n<\/li>\n<\/ul>\n<p data-start=\"1988\" data-end=\"2073\">Balonowa maskotka natychmiast przyci\u0105ga wzrok i staje si\u0119 centralnym punktem imprezy.<\/p>\n<p><span style=\"font-family: monsterrat;\"><!-- \/wp:paragraph --><!-- wp:paragraph --><\/span><\/p>\n<p><span style=\"font-family: baloo;\"><!-- \/wp:paragraph --><\/span><\/p>\t\t\t\t\t\t\t\t<\/div>\n\t\t\t\t\t<\/div>\n\t\t\t\t<\/div>\n\t\t<div class=\"elementor-element elementor-element-68ab696 e-flex e-con-boxed e-con e-parent\" data-id=\"68ab696\" data-element_type=\"container\" data-e-type=\"container\">\n\t\t\t\t\t<div class=\"e-con-inner\">\n\t\t\t\t<div class=\"elementor-element elementor-element-16debb5 elementor-widget-divider--view-line elementor-widget elementor-widget-divider\" data-id=\"16debb5\" data-element_type=\"widget\" data-e-type=\"widget\" data-widget_type=\"divider.default\">\n\t\t\t\t\t\t\t<div class=\"elementor-divider\">\n\t\t\t<span class=\"elementor-divider-separator\">\n\t\t\t\t\t\t<\/span>\n\t\t<\/div>\n\t\t\t\t\t\t<\/div>\n\t\t\t\t\t<\/div>\n\t\t\t\t<\/div>\n\t\t<div class=\"elementor-element elementor-element-2e122304 e-grid e-con-boxed e-con e-parent\" data-id=\"2e122304\" data-element_type=\"container\" data-e-type=\"container\">\n\t\t\t\t\t<div class=\"e-con-inner\">\n\t\t\t\t<div class=\"elementor-element elementor-element-12d3103b elementor-widget elementor-widget-image\" data-id=\"12d3103b\" data-element_type=\"widget\" data-e-type=\"widget\" data-widget_type=\"image.default\">\n\t\t\t\t\t\t\t\t\t\t\t\t\t\t\t<img decoding=\"async\" src=\"https:\/\/profesorbalonologii.pl\/wp-content\/uploads\/elementor\/thumbs\/IMG_0990-rjx0fsbmvibj65u7m0xiudd0bpmd1wfezyq67n0s48.jpeg\" title=\"IMG_0990\" alt=\"balonowa maskotka \u017cywa maskotka Miko\u0142aja\" loading=\"lazy\" \/>\t\t\t\t\t\t\t\t\t\t\t\t\t\t\t<\/div>\n\t\t\t\t<div class=\"elementor-element elementor-element-485c4bb elementor-widget elementor-widget-text-editor\" data-id=\"485c4bb\" data-element_type=\"widget\" data-e-type=\"widget\" data-widget_type=\"text-editor.default\">\n\t\t\t\t\t\t\t\t\t<h2>\u017bywa maskotka z balon\u00f3w \u2013 na jakie wydarzenia?<\/h2>\n<p data-start=\"1199\" data-end=\"1244\">Balonowa maskotka \u015bwietnie sprawdza si\u0119 jako:<\/p>\n<p data-start=\"1246\" data-end=\"1511\">\u2714 atrakcja na urodziny dzieci<br data-start=\"1275\" data-end=\"1278\" \/>\u2714 niespodzianka w przedszkolu i szkole<br data-start=\"1316\" data-end=\"1319\" \/>\u2714 animacja podczas festynu rodzinnego<br data-start=\"1356\" data-end=\"1359\" \/>\u2714 atrakcja na piknik firmowy<br data-start=\"1387\" data-end=\"1390\" \/>\u2714 element promocji i otwarcia sklepu<br data-start=\"1426\" data-end=\"1429\" \/>\u2714 atrakcja do galerii handlowej<br data-start=\"1460\" data-end=\"1463\" \/>\u2714 dekoracja i animacja na eventach plenerowych<\/p>\n<p data-start=\"1513\" data-end=\"1616\">To nie tylko dekoracja \u2013 to interaktywna atrakcja, kt\u00f3ra przyci\u0105ga uwag\u0119 i buduje atmosfer\u0119 wydarzenia.<\/p>\t\t\t\t\t\t\t\t<\/div>\n\t\t\t\t\t<\/div>\n\t\t\t\t<\/div>\n\t\t<div class=\"elementor-element elementor-element-c6ba1fd e-flex e-con-boxed e-con e-parent\" data-id=\"c6ba1fd\" data-element_type=\"container\" data-e-type=\"container\">\n\t\t\t\t\t<div class=\"e-con-inner\">\n\t\t\t\t<div class=\"elementor-element elementor-element-095f243 elementor-widget-divider--view-line elementor-widget elementor-widget-divider\" data-id=\"095f243\" data-element_type=\"widget\" data-e-type=\"widget\" data-widget_type=\"divider.default\">\n\t\t\t\t\t\t\t<div class=\"elementor-divider\">\n\t\t\t<span class=\"elementor-divider-separator\">\n\t\t\t\t\t\t<\/span>\n\t\t<\/div>\n\t\t\t\t\t\t<\/div>\n\t\t\t\t\t<\/div>\n\t\t\t\t<\/div>\n\t\t<div class=\"elementor-element elementor-element-4b6d4e12 e-flex e-con-boxed e-con e-parent\" data-id=\"4b6d4e12\" data-element_type=\"container\" data-e-type=\"container\">\n\t\t\t\t\t<div class=\"e-con-inner\">\n\t\t\t\t<div class=\"elementor-element elementor-element-628cf952 elementor-widget elementor-widget-text-editor\" data-id=\"628cf952\" data-element_type=\"widget\" data-e-type=\"widget\" data-widget_type=\"text-editor.default\">\n\t\t\t\t\t\t\t\t\t<h2 data-start=\"2080\" data-end=\"2131\">\u017bywa maskotka z balon\u00f3w \u2013 unikatowa atrakcja na event<\/h2>\n<p data-start=\"2133\" data-end=\"2219\">Ka\u017cda realizacja jest tworzona indywidualnie.<br data-start=\"2178\" data-end=\"2181\" \/>Nie ma dw\u00f3ch identycznych projekt\u00f3w.<\/p>\n<p data-start=\"2221\" data-end=\"2240\">Je\u015bli organizujesz:<\/p>\n<ul data-start=\"2241\" data-end=\"2335\">\n<li data-start=\"2241\" data-end=\"2258\">\n<p data-start=\"2243\" data-end=\"2258\">event firmowy<\/p>\n<\/li>\n<li data-start=\"2259\" data-end=\"2278\">\n<p data-start=\"2261\" data-end=\"2278\">piknik rodzinny<\/p>\n<\/li>\n<li data-start=\"2279\" data-end=\"2296\">\n<p data-start=\"2281\" data-end=\"2296\">dzie\u0144 dziecka<\/p>\n<\/li>\n<li data-start=\"2297\" data-end=\"2316\">\n<p data-start=\"2299\" data-end=\"2316\">otwarcie lokalu<\/p>\n<\/li>\n<li data-start=\"2317\" data-end=\"2335\">\n<p data-start=\"2319\" data-end=\"2335\">festyn miejski<\/p>\n<\/li>\n<\/ul>\n<p data-start=\"2337\" data-end=\"2437\">\u017cywa maskotka z balon\u00f3w b\u0119dzie atrakcj\u0105, o kt\u00f3rej uczestnicy b\u0119d\u0105 m\u00f3wi\u0107 jeszcze d\u0142ugo po wydarzeniu.<\/p>\t\t\t\t\t\t\t\t<\/div>\n\t\t\t\t\t<\/div>\n\t\t\t\t<\/div>\n\t\t\t\t<\/div>\n\t\t","protected":false},"excerpt":{"rendered":"<p>Balonowa maskotka &#8211; \u017cywa chodz\u0105ca atrakcja Balonowa maskotka \u2013 \u017cywa posta\u0107 stworzona w 100% z balon\u00f3w Szukasz czego\u015b, czego nie ma nikt inny?Balonowa maskotka to wyj\u0105tkowa, \u017cywa posta\u0107 wykonana od A do Z z balon\u00f3w modelinowych. To nie jest zwyk\u0142y kostium \u2013 to r\u0119cznie tworzona, chodz\u0105ca instalacja artystyczna, w kt\u00f3rej znajduje si\u0119 animator. Maskotka porusza &#8230; <a title=\"Balonowa Maskotka\" class=\"read-more\" href=\"https:\/\/profesorbalonologii.pl\/?page_id=55\">Read more<span class=\"screen-reader-text\">Balonowa Maskotka<\/span><\/a><\/p>\n","protected":false},"author":1,"featured_media":0,"parent":0,"menu_order":0,"comment_status":"closed","ping_status":"closed","template":"","meta":{"footnotes":""},"class_list":["post-55","page","type-page","status-publish"],"_links":{"self":[{"href":"https:\/\/profesorbalonologii.pl\/index.php?rest_route=\/wp\/v2\/pages\/55","targetHints":{"allow":["GET"]}}],"collection":[{"href":"https:\/\/profesorbalonologii.pl\/index.php?rest_route=\/wp\/v2\/pages"}],"about":[{"href":"https:\/\/profesorbalonologii.pl\/index.php?rest_route=\/wp\/v2\/types\/page"}],"author":[{"embeddable":true,"href":"https:\/\/profesorbalonologii.pl\/index.php?rest_route=\/wp\/v2\/users\/1"}],"replies":[{"embeddable":true,"href":"https:\/\/profesorbalonologii.pl\/index.php?rest_route=%2Fwp%2Fv2%2Fcomments&post=55"}],"version-history":[{"count":10,"href":"https:\/\/profesorbalonologii.pl\/index.php?rest_route=\/wp\/v2\/pages\/55\/revisions"}],"predecessor-version":[{"id":280,"href":"https:\/\/profesorbalonologii.pl\/index.php?rest_route=\/wp\/v2\/pages\/55\/revisions\/280"}],"wp:attachment":[{"href":"https:\/\/profesorbalonologii.pl\/index.php?rest_route=%2Fwp%2Fv2%2Fmedia&parent=55"}],"curies":[{"name":"wp","href":"https:\/\/api.w.org\/{rel}","templated":true}]}}