{"id":53,"date":"2026-02-08T11:30:05","date_gmt":"2026-02-08T11:30:05","guid":{"rendered":"https:\/\/profesorbalonologii.pl\/?page_id=53"},"modified":"2026-02-08T13:02:12","modified_gmt":"2026-02-08T13:02:12","slug":"podroze-profesora","status":"publish","type":"page","link":"https:\/\/profesorbalonologii.pl\/?page_id=53","title":{"rendered":"Podr\u00f3\u017ce Profesora"},"content":{"rendered":"\n<p>Profesor Balonologii nie ogranicza si\u0119 do podr\u00f3\u017cy po Polsce.<\/p>\n\n\n\n<p>Pawe\u0142 Robaszek to artysta balonowy, kt\u00f3rego talent i kreatywno\u015b\u0107 przekroczy\u0142y granice Polski, inspiruj\u0105c odbiorc\u00f3w oraz artyst\u00f3w na arenie mi\u0119dzynarodowej. Jako zwyci\u0119zca presti\u017cowych, \u015bwiatowych konkurs\u00f3w balonowych oraz wyk\u0142adowca mi\u0119dzynarodowych szkole\u0144, mia\u0142 okazj\u0119 dzieli\u0107 si\u0119 swoj\u0105 wiedz\u0105 i do\u015bwiadczeniem z tw\u00f3rcami z r\u00f3\u017cnych cz\u0119\u015bci \u015bwiata.&nbsp;<\/p>\n\n\n\n<p>Jego dzia\u0142alno\u015b\u0107 artystyczna i edukacyjna \u0142\u0105czy pasj\u0119 z profesjonalizmem, a udzia\u0142 w globalnych wydarzeniach bran\u017cowych pozwala mu stale rozwija\u0107 warsztat oraz wprowadza\u0107 do swoich projekt\u00f3w najnowsze trendy i techniki. Dzi\u0119ki temu ka\u017cde jego wyst\u0105pienie, pokaz czy dekoracja balonowa wyr\u00f3\u017cniaj\u0105 si\u0119 \u015bwiatowym poziomem i unikalnym stylem.&nbsp;<\/p>\n\n\n\n<p>Mi\u0119dzynarodowe do\u015bwiadczenie Paw\u0142a Robaszka przek\u0142ada si\u0119 na jako\u015b\u0107 realizowanych wydarze\u0144 \u2013 od spektakularnych pokaz\u00f3w, przez autorskie szkolenia, a\u017c po niezwyk\u0142e instalacje balonowe. Wsp\u00f3\u0142praca z nim to gwarancja \u015bwie\u017cego spojrzenia, kreatywnych rozwi\u0105za\u0144 oraz inspiracji zaczerpni\u0119tych z globalnej sceny artystycznej.<\/p>\n\n\n\n<p>Odwiedzi\u0142 r\u00f3\u017cne kraje eBelgi, Holandiam Arabia Saudyjska<\/p>\n\n\n\n<p><\/p>\n","protected":false},"excerpt":{"rendered":"<p>Profesor Balonologii nie ogranicza si\u0119 do podr\u00f3\u017cy po Polsce. Pawe\u0142 Robaszek to artysta balonowy, kt\u00f3rego talent i kreatywno\u015b\u0107 przekroczy\u0142y granice Polski, inspiruj\u0105c odbiorc\u00f3w oraz artyst\u00f3w na arenie mi\u0119dzynarodowej. Jako zwyci\u0119zca presti\u017cowych, \u015bwiatowych konkurs\u00f3w balonowych oraz wyk\u0142adowca mi\u0119dzynarodowych szkole\u0144, mia\u0142 okazj\u0119 dzieli\u0107 si\u0119 swoj\u0105 wiedz\u0105 i do\u015bwiadczeniem z tw\u00f3rcami z r\u00f3\u017cnych cz\u0119\u015bci \u015bwiata.&nbsp; Jego dzia\u0142alno\u015b\u0107 artystyczna &#8230; <a title=\"Podr\u00f3\u017ce Profesora\" class=\"read-more\" href=\"https:\/\/profesorbalonologii.pl\/?page_id=53\">Read more<span class=\"screen-reader-text\">Podr\u00f3\u017ce Profesora<\/span><\/a><\/p>\n","protected":false},"author":1,"featured_media":0,"parent":0,"menu_order":0,"comment_status":"closed","ping_status":"closed","template":"","meta":{"footnotes":""},"class_list":["post-53","page","type-page","status-publish"],"_links":{"self":[{"href":"https:\/\/profesorbalonologii.pl\/index.php?rest_route=\/wp\/v2\/pages\/53","targetHints":{"allow":["GET"]}}],"collection":[{"href":"https:\/\/profesorbalonologii.pl\/index.php?rest_route=\/wp\/v2\/pages"}],"about":[{"href":"https:\/\/profesorbalonologii.pl\/index.php?rest_route=\/wp\/v2\/types\/page"}],"author":[{"embeddable":true,"href":"https:\/\/profesorbalonologii.pl\/index.php?rest_route=\/wp\/v2\/users\/1"}],"replies":[{"embeddable":true,"href":"https:\/\/profesorbalonologii.pl\/index.php?rest_route=%2Fwp%2Fv2%2Fcomments&post=53"}],"version-history":[{"count":2,"href":"https:\/\/profesorbalonologii.pl\/index.php?rest_route=\/wp\/v2\/pages\/53\/revisions"}],"predecessor-version":[{"id":96,"href":"https:\/\/profesorbalonologii.pl\/index.php?rest_route=\/wp\/v2\/pages\/53\/revisions\/96"}],"wp:attachment":[{"href":"https:\/\/profesorbalonologii.pl\/index.php?rest_route=%2Fwp%2Fv2%2Fmedia&parent=53"}],"curies":[{"name":"wp","href":"https:\/\/api.w.org\/{rel}","templated":true}]}}