{"id":19,"date":"2026-02-08T09:58:26","date_gmt":"2026-02-08T09:58:26","guid":{"rendered":"https:\/\/profesorbalonologii.pl\/?page_id=19"},"modified":"2026-02-08T12:45:35","modified_gmt":"2026-02-08T12:45:35","slug":"festiwal-balonow-world-balloon-festival","status":"publish","type":"page","link":"https:\/\/profesorbalonologii.pl\/?page_id=19","title":{"rendered":"Festiwal Balon\u00f3w"},"content":{"rendered":"\n<p>Festiwal Balon\u00f3w &#8211; World Balloon Festival<\/p>\n\n\n\n<p>Najwi\u0119ksza balonowa instalacja w&nbsp;Polsce. Zbudowana z ponad 100 tysi\u0119cy balon\u00f3w<\/p>\n\n\n\n<p>W ca\u0142o\u015bci zaprojektowana przez Profesora Balonologii, zbudowana przez zesp\u00f3\u0142 niezast\u0105pionych artyst\u00f3w balonowych z ca\u0142ej Polski i nie tylko.<\/p>\n\n\n\n<figure class=\"wp-block-embed aligncenter is-type-video is-provider-youtube wp-block-embed-youtube wp-embed-aspect-16-9 wp-has-aspect-ratio\"><div class=\"wp-block-embed__wrapper\">\n<iframe title=\"World Balloon Festival Katowice 2026 \u2013 Zobacz, jak wygl\u0105da\u0142o balonowe miasto! \ud83c\udf88 Official Aftermovie\" width=\"1200\" height=\"675\" src=\"https:\/\/www.youtube.com\/embed\/VraG1ZXv0BI?feature=oembed\" frameborder=\"0\" allow=\"accelerometer; autoplay; clipboard-write; encrypted-media; gyroscope; picture-in-picture; web-share\" referrerpolicy=\"strict-origin-when-cross-origin\" allowfullscreen><\/iframe>\n<\/div><\/figure>\n\n\n\n<p> <a href=\"https:\/\/festiwalbalonow.pl\/\" target=\"_blank\" rel=\"noopener\"><strong>Wi\u0119cej informacji o festiwalu balon\u00f3w<\/strong>.<\/a><\/p>\n\n\n\n<p>Uczestnicy pierwszej edycji Festiwalu<\/p>\n\n\n\n<figure class=\"wp-block-image size-large\"><img fetchpriority=\"high\" decoding=\"async\" width=\"1024\" height=\"683\" src=\"https:\/\/profesorbalonologii.pl\/wp-content\/uploads\/2026\/02\/LAP37719-DxO_DeepPRIME-XD2s-1024x683.jpg\" alt=\"\" class=\"wp-image-92\" srcset=\"https:\/\/profesorbalonologii.pl\/wp-content\/uploads\/2026\/02\/LAP37719-DxO_DeepPRIME-XD2s-1024x683.jpg 1024w, https:\/\/profesorbalonologii.pl\/wp-content\/uploads\/2026\/02\/LAP37719-DxO_DeepPRIME-XD2s-300x200.jpg 300w, https:\/\/profesorbalonologii.pl\/wp-content\/uploads\/2026\/02\/LAP37719-DxO_DeepPRIME-XD2s-768x512.jpg 768w, https:\/\/profesorbalonologii.pl\/wp-content\/uploads\/2026\/02\/LAP37719-DxO_DeepPRIME-XD2s-1536x1024.jpg 1536w, https:\/\/profesorbalonologii.pl\/wp-content\/uploads\/2026\/02\/LAP37719-DxO_DeepPRIME-XD2s-2048x1365.jpg 2048w\" sizes=\"(max-width: 1024px) 100vw, 1024px\" \/><\/figure>\n","protected":false},"excerpt":{"rendered":"<p>Festiwal Balon\u00f3w &#8211; World Balloon Festival Najwi\u0119ksza balonowa instalacja w&nbsp;Polsce. Zbudowana z ponad 100 tysi\u0119cy balon\u00f3w W ca\u0142o\u015bci zaprojektowana przez Profesora Balonologii, zbudowana przez zesp\u00f3\u0142 niezast\u0105pionych artyst\u00f3w balonowych z ca\u0142ej Polski i nie tylko. Wi\u0119cej informacji o festiwalu balon\u00f3w. Uczestnicy pierwszej edycji Festiwalu<\/p>\n","protected":false},"author":1,"featured_media":0,"parent":0,"menu_order":0,"comment_status":"closed","ping_status":"closed","template":"","meta":{"footnotes":""},"class_list":["post-19","page","type-page","status-publish"],"_links":{"self":[{"href":"https:\/\/profesorbalonologii.pl\/index.php?rest_route=\/wp\/v2\/pages\/19","targetHints":{"allow":["GET"]}}],"collection":[{"href":"https:\/\/profesorbalonologii.pl\/index.php?rest_route=\/wp\/v2\/pages"}],"about":[{"href":"https:\/\/profesorbalonologii.pl\/index.php?rest_route=\/wp\/v2\/types\/page"}],"author":[{"embeddable":true,"href":"https:\/\/profesorbalonologii.pl\/index.php?rest_route=\/wp\/v2\/users\/1"}],"replies":[{"embeddable":true,"href":"https:\/\/profesorbalonologii.pl\/index.php?rest_route=%2Fwp%2Fv2%2Fcomments&post=19"}],"version-history":[{"count":5,"href":"https:\/\/profesorbalonologii.pl\/index.php?rest_route=\/wp\/v2\/pages\/19\/revisions"}],"predecessor-version":[{"id":93,"href":"https:\/\/profesorbalonologii.pl\/index.php?rest_route=\/wp\/v2\/pages\/19\/revisions\/93"}],"wp:attachment":[{"href":"https:\/\/profesorbalonologii.pl\/index.php?rest_route=%2Fwp%2Fv2%2Fmedia&parent=19"}],"curies":[{"name":"wp","href":"https:\/\/api.w.org\/{rel}","templated":true}]}}