{"id":14,"date":"2026-02-08T09:49:27","date_gmt":"2026-02-08T09:49:27","guid":{"rendered":"https:\/\/profesorbalonologii.pl\/?page_id=14"},"modified":"2026-02-25T17:19:22","modified_gmt":"2026-02-25T17:19:22","slug":"profesor-balonologii","status":"publish","type":"page","link":"https:\/\/profesorbalonologii.pl\/","title":{"rendered":"Profesor Balonologii"},"content":{"rendered":"\t\t<div data-elementor-type=\"wp-page\" data-elementor-id=\"14\" class=\"elementor elementor-14\" data-elementor-post-type=\"page\">\n\t\t\t\t<div class=\"elementor-element elementor-element-e7ccecf e-flex e-con-boxed e-con e-parent\" data-id=\"e7ccecf\" data-element_type=\"container\" data-e-type=\"container\">\n\t\t\t\t\t<div class=\"e-con-inner\">\n\t\t<div class=\"elementor-element elementor-element-fe58600 e-con-full e-flex e-con e-child\" data-id=\"fe58600\" data-element_type=\"container\" data-e-type=\"container\">\n\t\t\t\t<div class=\"elementor-element elementor-element-c7ba5a7 elementor-widget elementor-widget-image\" data-id=\"c7ba5a7\" data-element_type=\"widget\" data-e-type=\"widget\" data-widget_type=\"image.default\">\n\t\t\t\t\t\t\t\t\t\t\t\t\t\t\t<img fetchpriority=\"high\" decoding=\"async\" width=\"768\" height=\"1024\" src=\"https:\/\/profesorbalonologii.pl\/wp-content\/uploads\/2026\/02\/IMG_0286-768x1024.jpeg\" class=\"attachment-large size-large wp-image-104\" alt=\"Pawe\u0142 Robaszek - profesor balonologii - rze\u017aby z balon\u00f3w\" srcset=\"https:\/\/profesorbalonologii.pl\/wp-content\/uploads\/2026\/02\/IMG_0286-768x1024.jpeg 768w, https:\/\/profesorbalonologii.pl\/wp-content\/uploads\/2026\/02\/IMG_0286-225x300.jpeg 225w, https:\/\/profesorbalonologii.pl\/wp-content\/uploads\/2026\/02\/IMG_0286-1152x1536.jpeg 1152w, https:\/\/profesorbalonologii.pl\/wp-content\/uploads\/2026\/02\/IMG_0286-1536x2048.jpeg 1536w, https:\/\/profesorbalonologii.pl\/wp-content\/uploads\/2026\/02\/IMG_0286-scaled.jpeg 1920w\" sizes=\"(max-width: 768px) 100vw, 768px\" \/>\t\t\t\t\t\t\t\t\t\t\t\t\t\t\t<\/div>\n\t\t\t\t<\/div>\n\t\t<div class=\"elementor-element elementor-element-e9ccb5e e-con-full e-flex e-con e-child\" data-id=\"e9ccb5e\" data-element_type=\"container\" data-e-type=\"container\">\n\t\t\t\t<div class=\"elementor-element elementor-element-ee19ee4 elementor-widget elementor-widget-heading\" data-id=\"ee19ee4\" data-element_type=\"widget\" data-e-type=\"widget\" data-widget_type=\"heading.default\">\n\t\t\t\t\t<h1 class=\"elementor-heading-title elementor-size-default\">Pawe\u0142 Robaszek<\/h1>\t\t\t\t<\/div>\n\t\t\t\t<div class=\"elementor-element elementor-element-1b83769 elementor-widget elementor-widget-text-editor\" data-id=\"1b83769\" data-element_type=\"widget\" data-e-type=\"widget\" data-widget_type=\"text-editor.default\">\n\t\t\t\t\t\t\t\t\t<p><span style=\"font-family: monsterrat;\">to jeden z najbardziej kreatywnych tw\u00f3rc\u00f3w sztuki balonowej w Polsce, kt\u00f3ry zamienia zwyk\u0142e balony w spektakularne dzie\u0142a sztuki i niezapomniane atrakcje eventowe. Specjalizuje si\u0119 w tworzeniu widowiskowych instalacji, rze\u017ab oraz dekoracji balonowych, kt\u00f3re przyci\u0105gaj\u0105 uwag\u0119, buduj\u0105 wyj\u0105tkow\u0105 atmosfer\u0119 i pozostaj\u0105 w pami\u0119ci uczestnik\u00f3w wydarze\u0144.<\/span><\/p>\n<p style=\"caret-color: #000000; color: #000000;\"><span style=\"font-family: monsterrat;\">Swoje umiej\u0119tno\u015bci zaprezentowa\u0142 szerokiej publiczno\u015bci w programie\u00a0<strong>Mam Talent<\/strong>, zdobywaj\u0105c uznanie juror\u00f3w i widz\u00f3w.\u00a0<\/span><\/p>\n<p style=\"caret-color: #000000; color: #000000;\"><span style=\"font-family: monsterrat;\">Jego realizacje pojawiaj\u0105 si\u0119 na eventach firmowych, festiwalach, wydarzeniach promocyjnych oraz imprezach rodzinnych, gdzie \u0142\u0105czy sztuk\u0119, rozrywk\u0119 i interakcj\u0119 z publiczno\u015bci\u0105.<\/span><\/p>\n<p><span style=\"font-family: monsterrat;\"><!-- \/wp:paragraph --><!-- wp:paragraph --><\/span><\/p>\n<p>\u00a0<\/p>\n<p><span style=\"font-family: monsterrat;\"><!-- \/wp:paragraph --><!-- wp:paragraph --><\/span><\/p>\t\t\t\t\t\t\t\t<\/div>\n\t\t\t\t<\/div>\n\t\t\t\t\t<\/div>\n\t\t\t\t<\/div>\n\t\t<div class=\"elementor-element elementor-element-646da1a e-grid e-con-boxed e-con e-parent\" data-id=\"646da1a\" data-element_type=\"container\" data-e-type=\"container\">\n\t\t\t\t\t<div class=\"e-con-inner\">\n\t\t\t\t<div class=\"elementor-element elementor-element-2f4ff73 elementor-widget elementor-widget-text-editor\" data-id=\"2f4ff73\" data-element_type=\"widget\" data-e-type=\"widget\" data-widget_type=\"text-editor.default\">\n\t\t\t\t\t\t\t\t\t<p><span style=\"font-family: monsterrat;\">Pawe\u0142 Robaszek prowadzi r\u00f3wnie\u017c warsztaty i pokazy, inspiruj\u0105c uczestnik\u00f3w do odkrywania kreatywno\u015bci oraz pokazuj\u0105c, \u017ce balony mog\u0105 sta\u0107 si\u0119 niezwyk\u0142ym narz\u0119dziem artystycznej ekspresji. Ka\u017cdy projekt tworzy z pasj\u0105, dba\u0142o\u015bci\u0105 o detale i indywidualnym podej\u015bciem do klienta, gwarantuj\u0105c <strong>efekt WOW<\/strong> na ka\u017cdym wydarzeniu.<\/span><\/p>\t\t\t\t\t\t\t\t<\/div>\n\t\t\t\t<div class=\"elementor-element elementor-element-ca72508 elementor-widget elementor-widget-image\" data-id=\"ca72508\" data-element_type=\"widget\" data-e-type=\"widget\" data-widget_type=\"image.default\">\n\t\t\t\t\t\t\t\t\t\t\t\t\t\t\t<img decoding=\"async\" width=\"1024\" height=\"683\" src=\"https:\/\/profesorbalonologii.pl\/wp-content\/uploads\/2026\/02\/FE4BEDA5-CB7D-48E5-9268-047DC80609B9-1024x683.jpg\" class=\"attachment-large size-large wp-image-148\" alt=\"\" srcset=\"https:\/\/profesorbalonologii.pl\/wp-content\/uploads\/2026\/02\/FE4BEDA5-CB7D-48E5-9268-047DC80609B9-1024x683.jpg 1024w, https:\/\/profesorbalonologii.pl\/wp-content\/uploads\/2026\/02\/FE4BEDA5-CB7D-48E5-9268-047DC80609B9-300x200.jpg 300w, https:\/\/profesorbalonologii.pl\/wp-content\/uploads\/2026\/02\/FE4BEDA5-CB7D-48E5-9268-047DC80609B9-768x512.jpg 768w, https:\/\/profesorbalonologii.pl\/wp-content\/uploads\/2026\/02\/FE4BEDA5-CB7D-48E5-9268-047DC80609B9-1536x1024.jpg 1536w, https:\/\/profesorbalonologii.pl\/wp-content\/uploads\/2026\/02\/FE4BEDA5-CB7D-48E5-9268-047DC80609B9-2048x1365.jpg 2048w\" sizes=\"(max-width: 1024px) 100vw, 1024px\" \/>\t\t\t\t\t\t\t\t\t\t\t\t\t\t\t<\/div>\n\t\t\t\t\t<\/div>\n\t\t\t\t<\/div>\n\t\t<div class=\"elementor-element elementor-element-2552792 e-flex e-con-boxed e-con e-parent\" data-id=\"2552792\" data-element_type=\"container\" data-e-type=\"container\">\n\t\t\t\t\t<div class=\"e-con-inner\">\n\t\t\t\t<div class=\"elementor-element elementor-element-db769b0 elementor-widget elementor-widget-text-editor\" data-id=\"db769b0\" data-element_type=\"widget\" data-e-type=\"widget\" data-widget_type=\"text-editor.default\">\n\t\t\t\t\t\t\t\t\t<p><span style=\"font-family: monsterrat;\"><strong>Pawe\u0142 Robaszek<\/strong>\u00a0tworzy spektakularne dekoracje i pokazy balonowe, kt\u00f3re sprawiaj\u0105, \u017ce Twoje wydarzenie staje si\u0119 wyj\u0105tkowe, zapami\u0119tywane i wyr\u00f3\u017cnia si\u0119 na tle innych. Dzi\u0119ki jego realizacjom zyskujesz nie tylko efektown\u0105 opraw\u0119 wizualn\u0105, ale tak\u017ce atrakcj\u0119, kt\u00f3ra anga\u017cuje go\u015bci, buduje pozytywne emocje i wzmacnia wizerunek Twojej marki lub wydarzenia.<\/span><\/p>\n<p><span style=\"font-family: monsterrat;\"><!-- \/wp:paragraph --><!-- wp:paragraph --><\/span><\/p>\n<p><span style=\"font-family: monsterrat;\"><!-- \/wp:paragraph --><!-- wp:paragraph --><\/span><\/p>\n<p><span style=\"font-family: monsterrat;\"><!-- \/wp:paragraph --><!-- wp:paragraph --><\/span><\/p>\n<p><span style=\"font-family: baloo;\"><!-- \/wp:paragraph --><\/span><\/p>\t\t\t\t\t\t\t\t<\/div>\n\t\t\t\t\t<\/div>\n\t\t\t\t<\/div>\n\t\t<div class=\"elementor-element elementor-element-4675178 e-grid e-con-boxed e-con e-parent\" data-id=\"4675178\" data-element_type=\"container\" data-e-type=\"container\">\n\t\t\t\t\t<div class=\"e-con-inner\">\n\t\t\t\t<div class=\"elementor-element elementor-element-ddbd39d elementor-widget elementor-widget-image\" data-id=\"ddbd39d\" data-element_type=\"widget\" data-e-type=\"widget\" data-widget_type=\"image.default\">\n\t\t\t\t\t\t\t\t\t\t\t\t\t\t\t<img decoding=\"async\" src=\"https:\/\/profesorbalonologii.pl\/wp-content\/uploads\/elementor\/thumbs\/IMG_4693-rjo4adfd7qwvxyhj9od3pdiuwdd9y8b7zy5nige7gg.jpg\" title=\"IMG_4693\" alt=\"szkolenie balonowe figury balonowe profesor balonologii\" loading=\"lazy\" \/>\t\t\t\t\t\t\t\t\t\t\t\t\t\t\t<\/div>\n\t\t\t\t<div class=\"elementor-element elementor-element-ffaf951 elementor-widget elementor-widget-image\" data-id=\"ffaf951\" data-element_type=\"widget\" data-e-type=\"widget\" data-widget_type=\"image.default\">\n\t\t\t\t\t\t\t\t\t\t\t\t\t\t\t<img decoding=\"async\" src=\"https:\/\/profesorbalonologii.pl\/wp-content\/uploads\/elementor\/thumbs\/IMG_4345-rjo4babpuy5x8b5qxkl1mn7zouv4fmxtsgznb51feo.jpg\" title=\"IMG_4345\" alt=\"warsztaty tworzenia figurek balonowych szkolenie balonowe profesor balonologii\" loading=\"lazy\" \/>\t\t\t\t\t\t\t\t\t\t\t\t\t\t\t<\/div>\n\t\t\t\t\t<\/div>\n\t\t\t\t<\/div>\n\t\t<div class=\"elementor-element elementor-element-179fb7e e-flex e-con-boxed e-con e-parent\" data-id=\"179fb7e\" data-element_type=\"container\" data-e-type=\"container\">\n\t\t\t\t\t<div class=\"e-con-inner\">\n\t\t\t\t<div class=\"elementor-element elementor-element-6a2fc45 elementor-widget elementor-widget-text-editor\" data-id=\"6a2fc45\" data-element_type=\"widget\" data-e-type=\"widget\" data-widget_type=\"text-editor.default\">\n\t\t\t\t\t\t\t\t\t<p><span style=\"font-family: monsterrat;\"><!-- \/wp:paragraph --><!-- wp:paragraph --><\/span><\/p>\n<p><span style=\"font-family: monsterrat;\"><!-- \/wp:paragraph --><!-- wp:paragraph --><\/span><\/p>\n<p><span style=\"font-family: monsterrat;\">Wyst\u0119p Paw\u0142a to gwarancja efektu <strong>WOW<\/strong>, kt\u00f3ry przyci\u0105ga uwag\u0119 uczestnik\u00f3w, zach\u0119ca do robienia zdj\u0119\u0107 i zwi\u0119ksza atrakcyjno\u015b\u0107 eventu w mediach spo\u0142eczno\u015bciowych. Jego projekty pomagaj\u0105 stworzy\u0107 niepowtarzaln\u0105 atmosfer\u0119, kt\u00f3ra integruje go\u015bci i sprawia, \u017ce wydarzenie zostaje w ich pami\u0119ci na d\u0142ugo.<\/span><\/p>\n<p><span style=\"font-family: monsterrat;\"><!-- \/wp:paragraph --><!-- wp:paragraph --><\/span><\/p>\n<p><span style=\"font-family: baloo;\"><!-- \/wp:paragraph --><\/span><\/p>\t\t\t\t\t\t\t\t<\/div>\n\t\t\t\t\t<\/div>\n\t\t\t\t<\/div>\n\t\t<div class=\"elementor-element elementor-element-242f3fd e-grid e-con-boxed e-con e-parent\" data-id=\"242f3fd\" data-element_type=\"container\" data-e-type=\"container\">\n\t\t\t\t\t<div class=\"e-con-inner\">\n\t\t\t\t<div class=\"elementor-element elementor-element-d952c06 elementor-widget elementor-widget-image\" data-id=\"d952c06\" data-element_type=\"widget\" data-e-type=\"widget\" data-widget_type=\"image.default\">\n\t\t\t\t\t\t\t\t\t\t\t\t\t\t\t<img decoding=\"async\" src=\"https:\/\/profesorbalonologii.pl\/wp-content\/uploads\/elementor\/thumbs\/IMG_20200827_081319-scaled-rjo4lmju971mpixnmnmn1osufebanzaiphxrea2utk.jpg\" title=\"IMG_20200827_081319\" alt=\"szkolenie balonowe rze\u017aby z balon\u00f3w profesor balonologii Pawe\u0142 Robaszek\" loading=\"lazy\" \/>\t\t\t\t\t\t\t\t\t\t\t\t\t\t\t<\/div>\n\t\t\t\t<div class=\"elementor-element elementor-element-8736d22 elementor-widget elementor-widget-image\" data-id=\"8736d22\" data-element_type=\"widget\" data-e-type=\"widget\" data-widget_type=\"image.default\">\n\t\t\t\t\t\t\t\t\t\t\t\t\t\t\t<img decoding=\"async\" src=\"https:\/\/profesorbalonologii.pl\/wp-content\/uploads\/elementor\/thumbs\/IMG_3061-1-scaled-rjo4pdwllc6x5dh1oa4x0qn7yvs5ge7v83voi4i5xk.jpg\" title=\"IMG_3061\" alt=\"IMG_3061\" loading=\"lazy\" \/>\t\t\t\t\t\t\t\t\t\t\t\t\t\t\t<\/div>\n\t\t\t\t\t<\/div>\n\t\t\t\t<\/div>\n\t\t<div class=\"elementor-element elementor-element-9b473e9 e-flex e-con-boxed e-con e-parent\" data-id=\"9b473e9\" data-element_type=\"container\" data-e-type=\"container\">\n\t\t\t\t\t<div class=\"e-con-inner\">\n\t\t\t\t<div class=\"elementor-element elementor-element-083715f elementor-widget elementor-widget-text-editor\" data-id=\"083715f\" data-element_type=\"widget\" data-e-type=\"widget\" data-widget_type=\"text-editor.default\">\n\t\t\t\t\t\t\t\t\t<p><span style=\"font-family: monsterrat;\"><strong>Do\u015bwiadczenie<\/strong> zdobyte podczas wyst\u0119p\u00f3w scenicznych, w tym w programie <strong>Mam Talent,<\/strong> pozwala mu realizowa\u0107 pokazy i instalacje <strong>dopasowane do charakteru wydarzenia<\/strong> \u2013 od eleganckich event\u00f3w firmowych, przez akcje promocyjne, a\u017c po rodzinne imprezy i festiwale.<\/span><\/p>\n<p><span style=\"font-family: monsterrat;\"><!-- \/wp:paragraph --><!-- wp:paragraph --><\/span><\/p>\n<p><span style=\"font-family: monsterrat;\">Wsp\u00f3\u0142pracuj\u0105c z Paw\u0142em Robaszkiem, otrzymujesz indywidualne podej\u015bcie, <strong>kreatywne pomys\u0142y <\/strong>oraz<strong> profesjonaln\u0105 realizacj\u0119,<\/strong> dzi\u0119ki kt\u00f3rym mo\u017cesz mie\u0107 pewno\u015b\u0107, \u017ce Twoje wydarzenie b\u0119dzie <strong>atrakcyjne, dopracowane<\/strong> i zrobi ogromne wra\u017cenie na uczestnikach.<\/span><\/p>\t\t\t\t\t\t\t\t<\/div>\n\t\t\t\t\t<\/div>\n\t\t\t\t<\/div>\n\t\t\t\t<\/div>\n\t\t","protected":false},"excerpt":{"rendered":"<p>Pawe\u0142 Robaszek to jeden z najbardziej kreatywnych tw\u00f3rc\u00f3w sztuki balonowej w Polsce, kt\u00f3ry zamienia zwyk\u0142e balony w spektakularne dzie\u0142a sztuki i niezapomniane atrakcje eventowe. Specjalizuje si\u0119 w tworzeniu widowiskowych instalacji, rze\u017ab oraz dekoracji balonowych, kt\u00f3re przyci\u0105gaj\u0105 uwag\u0119, buduj\u0105 wyj\u0105tkow\u0105 atmosfer\u0119 i pozostaj\u0105 w pami\u0119ci uczestnik\u00f3w wydarze\u0144. Swoje umiej\u0119tno\u015bci zaprezentowa\u0142 szerokiej publiczno\u015bci w programie\u00a0Mam Talent, zdobywaj\u0105c &#8230; <a title=\"Profesor Balonologii\" class=\"read-more\" href=\"https:\/\/profesorbalonologii.pl\/\">Read more<span class=\"screen-reader-text\">Profesor Balonologii<\/span><\/a><\/p>\n","protected":false},"author":1,"featured_media":104,"parent":0,"menu_order":0,"comment_status":"closed","ping_status":"closed","template":"","meta":{"footnotes":""},"class_list":["post-14","page","type-page","status-publish","has-post-thumbnail"],"_links":{"self":[{"href":"https:\/\/profesorbalonologii.pl\/index.php?rest_route=\/wp\/v2\/pages\/14","targetHints":{"allow":["GET"]}}],"collection":[{"href":"https:\/\/profesorbalonologii.pl\/index.php?rest_route=\/wp\/v2\/pages"}],"about":[{"href":"https:\/\/profesorbalonologii.pl\/index.php?rest_route=\/wp\/v2\/types\/page"}],"author":[{"embeddable":true,"href":"https:\/\/profesorbalonologii.pl\/index.php?rest_route=\/wp\/v2\/users\/1"}],"replies":[{"embeddable":true,"href":"https:\/\/profesorbalonologii.pl\/index.php?rest_route=%2Fwp%2Fv2%2Fcomments&post=14"}],"version-history":[{"count":40,"href":"https:\/\/profesorbalonologii.pl\/index.php?rest_route=\/wp\/v2\/pages\/14\/revisions"}],"predecessor-version":[{"id":230,"href":"https:\/\/profesorbalonologii.pl\/index.php?rest_route=\/wp\/v2\/pages\/14\/revisions\/230"}],"wp:featuredmedia":[{"embeddable":true,"href":"https:\/\/profesorbalonologii.pl\/index.php?rest_route=\/wp\/v2\/media\/104"}],"wp:attachment":[{"href":"https:\/\/profesorbalonologii.pl\/index.php?rest_route=%2Fwp%2Fv2%2Fmedia&parent=14"}],"curies":[{"name":"wp","href":"https:\/\/api.w.org\/{rel}","templated":true}]}}